{"id":1196,"date":"2018-01-17T14:41:52","date_gmt":"2018-01-17T13:41:52","guid":{"rendered":"http:\/\/aadcsa.fr\/intranext\/?page_id=1196"},"modified":"2018-03-01T15:14:12","modified_gmt":"2018-03-01T14:14:12","slug":"intances-du-personnel","status":"publish","type":"page","link":"https:\/\/aadcsa.fr\/intranext\/intances-du-personnel\/","title":{"rendered":"Instances du personnel"},"content":{"rendered":"<section class=\"fw-main-row \"  >\n\t<div class=\"fw-container\">\n\t\t<div class=\"fw-row\">\n\t<div class=\"fw-col-xs-12 \">\n\t<\/div>\n<\/div>\n\n<div class=\"fw-row\">\n\t<div class=\"fw-col-xs-12 \">\n\t<div class='ssfa-clearfix'><\/div><div id=\"ssfa-meta-container-9572\" class=\"ssfa-meta-container flightbox-parent  \" data-uid=\"9572\" data-fbn=\"2cf69125fc\" style=\"margin: 10px 0 20px;  width:100%; float:none;\"><input type=\"hidden\" id=\"location_nonce_9572\" data-uid=\"9572\" value=\"2a9e174daf\" \/><div id='ssfa-table-wrap-9572' class='ssfa-minimalist'><div class=\"ssfa-clearfix\" style=\"margin-bottom:10px!important;\"><div class=\"ssfa-clearfix ssfa-crumbs ssfa-crumbs-noheading\"><a href=\"https:\/\/aadcsa.fr\/intranext\/intances-du-personnel\/?drawer=Instances du personnel\">Instances Du Personnel<\/a> \/ <\/div><div class='ssfa-search-wrap '><span data-ssfa-icon='&#xe047;' class='ssfa-searchicon ' aria-hidden='true'><\/span><input id='filter-9572' class='ssfa-searchfield' placeholder='CHERCHER' value='' name='search' id='search' type='text' \/><\/div><\/div><script type='text\/javascript'>jQuery(function(){ jQuery('.footable').footable();});<\/script><table id='ssfa-table-9572' data-filter='#filter-9572'   data-page-navigation='.ssfa-pagination' data-page-size='15' class='footable ssfa-sortable ssfa-minimalist  ssfa-center dirtree-table ' data-drawer=\"drawer\"  data-stats=\"false\"  ><thead><tr><th class='ssfa-sorttype ssfa-minimalist-first-column' title=\"Cliquer pour trier\" >Type<\/th><th class='ssfa-sortname' title=\"Cliquer pour trier\" data-sort-initial='true'>Rangement\/fichier<\/th><th class='ssfa-sortdate' data-type='numeric' title=\"Cliquer pour trier\">Date&nbsp;de&nbsp;modification<\/th><th class='ssfa-sortsize' data-type='numeric' title=\"Cliquer pour trier\">Taille<\/th><\/tr><\/thead><tfoot><tr><td colspan='100'><div class='ssfa-pagination ssfa-pagination-centered hide-if-no-paging'><\/div><\/td><\/tr><\/tfoot><tbody><tr id='ssfa-dir-9572-1' class='ssfa-drawers'><td id='folder-ssfa-dir-9572-1' data-value=\"# # # # # CE\" class='ssfa-sorttype ssfa-minimalist-first-column'><a href=\"https:\/\/aadcsa.fr\/intranext\/intances-du-personnel\/?drawer=Instances du personnel*CE\" data-name=\"CE\" data-path=\"Instances du personnel\/CE\"><span style='font-size:20px; margin-left:3px;' class='ssfa-faminicon ssfa-icon-drawer  ssfa-classic' aria-hidden='true'><\/span><br>r\u00e9p<\/a><\/td><td id='name-ssfa-dir-9572-1' data-value=\"# # # # # CE\" class='ssfa-sortname'><a href=\"https:\/\/aadcsa.fr\/intranext\/intances-du-personnel\/?drawer=Instances du personnel*CE\" class=\" ssfa-classic accent-classic\"><span class='ssfa-filename' style='text-transform:uppercase;'>CE<\/span><\/a><\/td><td class='ssfa-minimalist' data-value=\"# # # #  CE\"> &nbsp; <\/td><td id='manager-ssfa-dir-9572-1' class='ssfa-minimalist' data-value=\"# # # #  CE\"> &nbsp; <\/td><\/tr><tr id='ssfa-dir-9572-2' class='ssfa-drawers'><td id='folder-ssfa-dir-9572-2' data-value=\"# # # # # CHSCT\" class='ssfa-sorttype ssfa-minimalist-first-column'><a href=\"https:\/\/aadcsa.fr\/intranext\/intances-du-personnel\/?drawer=Instances du personnel*CHSCT\" data-name=\"CHSCT\" data-path=\"Instances du personnel\/CHSCT\"><span style='font-size:20px; margin-left:3px;' class='ssfa-faminicon ssfa-icon-drawer  ssfa-classic' aria-hidden='true'><\/span><br>r\u00e9p<\/a><\/td><td id='name-ssfa-dir-9572-2' data-value=\"# # # # # CHSCT\" class='ssfa-sortname'><a href=\"https:\/\/aadcsa.fr\/intranext\/intances-du-personnel\/?drawer=Instances du personnel*CHSCT\" class=\" ssfa-classic accent-classic\"><span class='ssfa-filename' style='text-transform:uppercase;'>CHSCT<\/span><\/a><\/td><td class='ssfa-minimalist' data-value=\"# # # #  CHSCT\"> &nbsp; <\/td><td id='manager-ssfa-dir-9572-2' class='ssfa-minimalist' data-value=\"# # # #  CHSCT\"> &nbsp; <\/td><\/tr><tr id='ssfa-dir-9572-3' class='ssfa-drawers'><td id='folder-ssfa-dir-9572-3' data-value=\"# # # # # CSE\" class='ssfa-sorttype ssfa-minimalist-first-column'><a href=\"https:\/\/aadcsa.fr\/intranext\/intances-du-personnel\/?drawer=Instances du personnel*CSE\" data-name=\"CSE\" data-path=\"Instances du personnel\/CSE\"><span style='font-size:20px; margin-left:3px;' class='ssfa-faminicon ssfa-icon-drawer  ssfa-classic' aria-hidden='true'><\/span><br>r\u00e9p<\/a><\/td><td id='name-ssfa-dir-9572-3' data-value=\"# # # # # CSE\" class='ssfa-sortname'><a href=\"https:\/\/aadcsa.fr\/intranext\/intances-du-personnel\/?drawer=Instances du personnel*CSE\" class=\" ssfa-classic accent-classic\"><span class='ssfa-filename' style='text-transform:uppercase;'>CSE<\/span><\/a><\/td><td class='ssfa-minimalist' data-value=\"# # # #  CSE\"> &nbsp; <\/td><td id='manager-ssfa-dir-9572-3' class='ssfa-minimalist' data-value=\"# # # #  CSE\"> &nbsp; <\/td><\/tr><tr id='ssfa-dir-9572-4' class='ssfa-drawers'><td id='folder-ssfa-dir-9572-4' data-value=\"# # # # # DP\" class='ssfa-sorttype ssfa-minimalist-first-column'><a href=\"https:\/\/aadcsa.fr\/intranext\/intances-du-personnel\/?drawer=Instances du personnel*DP\" data-name=\"DP\" data-path=\"Instances du personnel\/DP\"><span style='font-size:20px; margin-left:3px;' class='ssfa-faminicon ssfa-icon-drawer  ssfa-classic' aria-hidden='true'><\/span><br>r\u00e9p<\/a><\/td><td id='name-ssfa-dir-9572-4' data-value=\"# # # # # DP\" class='ssfa-sortname'><a href=\"https:\/\/aadcsa.fr\/intranext\/intances-du-personnel\/?drawer=Instances du personnel*DP\" class=\" ssfa-classic accent-classic\"><span class='ssfa-filename' style='text-transform:uppercase;'>DP<\/span><\/a><\/td><td class='ssfa-minimalist' data-value=\"# # # #  DP\"> &nbsp; <\/td><td id='manager-ssfa-dir-9572-4' class='ssfa-minimalist' data-value=\"# # # #  DP\"> &nbsp; <\/td><\/tr><tr id='ssfa-dir-9572-5' class='ssfa-drawers'><td id='folder-ssfa-dir-9572-5' data-value=\"# # # # # NAO\" class='ssfa-sorttype ssfa-minimalist-first-column'><a href=\"https:\/\/aadcsa.fr\/intranext\/intances-du-personnel\/?drawer=Instances du personnel*NAO\" data-name=\"NAO\" data-path=\"Instances du personnel\/NAO\"><span style='font-size:20px; margin-left:3px;' class='ssfa-faminicon ssfa-icon-drawer  ssfa-classic' aria-hidden='true'><\/span><br>r\u00e9p<\/a><\/td><td id='name-ssfa-dir-9572-5' data-value=\"# # # # # NAO\" class='ssfa-sortname'><a href=\"https:\/\/aadcsa.fr\/intranext\/intances-du-personnel\/?drawer=Instances du personnel*NAO\" class=\" ssfa-classic accent-classic\"><span class='ssfa-filename' style='text-transform:uppercase;'>NAO<\/span><\/a><\/td><td class='ssfa-minimalist' data-value=\"# # # #  NAO\"> &nbsp; <\/td><td id='manager-ssfa-dir-9572-5' class='ssfa-minimalist' data-value=\"# # # #  NAO\"> &nbsp; <\/td><\/tr><\/tbody><\/table><\/div><\/div><div class='ssfa-clearfix'><\/div><\/div>\n<\/div>\n\n\t<\/div>\n<\/section>\n","protected":false},"excerpt":{"rendered":"<p>Instances Du Personnel \/ TypeRangement\/fichierDate&nbsp;de&nbsp;modificationTailler\u00e9pCE &nbsp; &nbsp; r\u00e9pCHSCT &nbsp; &nbsp; r\u00e9pCSE &nbsp; &nbsp; r\u00e9pDP &nbsp; &nbsp; r\u00e9pNAO &nbsp; &nbsp;<\/p>","protected":false},"author":1,"featured_media":0,"parent":0,"menu_order":0,"comment_status":"closed","ping_status":"closed","template":"","meta":{"footnotes":""},"class_list":["post-1196","page","type-page","status-publish"],"_links":{"self":[{"href":"https:\/\/aadcsa.fr\/intranext\/wp-json\/wp\/v2\/pages\/1196","targetHints":{"allow":["GET"]}}],"collection":[{"href":"https:\/\/aadcsa.fr\/intranext\/wp-json\/wp\/v2\/pages"}],"about":[{"href":"https:\/\/aadcsa.fr\/intranext\/wp-json\/wp\/v2\/types\/page"}],"author":[{"embeddable":true,"href":"https:\/\/aadcsa.fr\/intranext\/wp-json\/wp\/v2\/users\/1"}],"replies":[{"embeddable":true,"href":"https:\/\/aadcsa.fr\/intranext\/wp-json\/wp\/v2\/comments?post=1196"}],"version-history":[{"count":4,"href":"https:\/\/aadcsa.fr\/intranext\/wp-json\/wp\/v2\/pages\/1196\/revisions"}],"predecessor-version":[{"id":1282,"href":"https:\/\/aadcsa.fr\/intranext\/wp-json\/wp\/v2\/pages\/1196\/revisions\/1282"}],"wp:attachment":[{"href":"https:\/\/aadcsa.fr\/intranext\/wp-json\/wp\/v2\/media?parent=1196"}],"curies":[{"name":"wp","href":"https:\/\/api.w.org\/{rel}","templated":true}]}}